{"id":5409,"date":"2020-03-14T08:32:05","date_gmt":"2020-03-14T07:32:05","guid":{"rendered":"https:\/\/wildwatchingspain.com\/?page_id=5409"},"modified":"2024-01-31T07:51:27","modified_gmt":"2024-01-31T06:51:27","slug":"cantabrian-brown-bear","status":"publish","type":"page","link":"https:\/\/wildwatchingspain.com\/en\/cantabrian-brown-bear\/","title":{"rendered":"Brown bear"},"content":{"rendered":"","protected":false},"excerpt":{"rendered":"","protected":false},"author":1,"featured_media":7095,"parent":0,"menu_order":0,"comment_status":"closed","ping_status":"closed","template":"","meta":{"footnotes":""},"class_list":["post-5409","page","type-page","status-publish","has-post-thumbnail","hentry"],"yoast_head":"<!-- This site is optimized with the Yoast SEO plugin v27.4 - https:\/\/yoast.com\/product\/yoast-seo-wordpress\/ -->\n<title>Brown bear - Wild Watching Spain \u2013Turismo de Observaci\u00f3n y Fotograf\u00eda<\/title>\n<meta name=\"robots\" content=\"index, follow, max-snippet:-1, max-image-preview:large, max-video-preview:-1\" \/>\n<link rel=\"canonical\" href=\"https:\/\/wildwatchingspain.com\/en\/cantabrian-brown-bear\/\" \/>\n<meta property=\"og:locale\" content=\"en_US\" \/>\n<meta property=\"og:type\" content=\"article\" \/>\n<meta property=\"og:title\" content=\"Brown bear - Wild Watching Spain \u2013Turismo de Observaci\u00f3n y Fotograf\u00eda\" \/>\n<meta property=\"og:url\" content=\"https:\/\/wildwatchingspain.com\/en\/cantabrian-brown-bear\/\" \/>\n<meta property=\"og:site_name\" content=\"Wild Watching Spain \u2013Turismo de Observaci\u00f3n y Fotograf\u00eda\" \/>\n<meta property=\"article:modified_time\" content=\"2024-01-31T06:51:27+00:00\" \/>\n<meta property=\"og:image\" content=\"https:\/\/wildwatchingspain.com\/wp-content\/uploads\/2020\/10\/oso.jpg\" \/>\n\t<meta property=\"og:image:width\" content=\"1652\" \/>\n\t<meta property=\"og:image:height\" content=\"1110\" \/>\n\t<meta property=\"og:image:type\" content=\"image\/jpeg\" \/>\n<meta name=\"twitter:card\" content=\"summary_large_image\" \/>\n<meta name=\"twitter:label1\" content=\"Est. reading time\" \/>\n\t<meta name=\"twitter:data1\" content=\"2 minutes\" \/>\n<script type=\"application\/ld+json\" class=\"yoast-schema-graph\">{\"@context\":\"https:\\\/\\\/schema.org\",\"@graph\":[{\"@type\":\"WebPage\",\"@id\":\"https:\\\/\\\/wildwatchingspain.com\\\/en\\\/cantabrian-brown-bear\\\/\",\"url\":\"https:\\\/\\\/wildwatchingspain.com\\\/en\\\/cantabrian-brown-bear\\\/\",\"name\":\"Brown bear - Wild Watching Spain \u2013Turismo de Observaci\u00f3n y Fotograf\u00eda\",\"isPartOf\":{\"@id\":\"https:\\\/\\\/wildwatchingspain.com\\\/en\\\/#website\"},\"primaryImageOfPage\":{\"@id\":\"https:\\\/\\\/wildwatchingspain.com\\\/en\\\/cantabrian-brown-bear\\\/#primaryimage\"},\"image\":{\"@id\":\"https:\\\/\\\/wildwatchingspain.com\\\/en\\\/cantabrian-brown-bear\\\/#primaryimage\"},\"thumbnailUrl\":\"https:\\\/\\\/wildwatchingspain.com\\\/wp-content\\\/uploads\\\/2020\\\/10\\\/oso.jpg\",\"datePublished\":\"2020-03-14T07:32:05+00:00\",\"dateModified\":\"2024-01-31T06:51:27+00:00\",\"breadcrumb\":{\"@id\":\"https:\\\/\\\/wildwatchingspain.com\\\/en\\\/cantabrian-brown-bear\\\/#breadcrumb\"},\"inLanguage\":\"en-US\",\"potentialAction\":[{\"@type\":\"ReadAction\",\"target\":[\"https:\\\/\\\/wildwatchingspain.com\\\/en\\\/cantabrian-brown-bear\\\/\"]}]},{\"@type\":\"ImageObject\",\"inLanguage\":\"en-US\",\"@id\":\"https:\\\/\\\/wildwatchingspain.com\\\/en\\\/cantabrian-brown-bear\\\/#primaryimage\",\"url\":\"https:\\\/\\\/wildwatchingspain.com\\\/wp-content\\\/uploads\\\/2020\\\/10\\\/oso.jpg\",\"contentUrl\":\"https:\\\/\\\/wildwatchingspain.com\\\/wp-content\\\/uploads\\\/2020\\\/10\\\/oso.jpg\",\"width\":1652,\"height\":1110},{\"@type\":\"BreadcrumbList\",\"@id\":\"https:\\\/\\\/wildwatchingspain.com\\\/en\\\/cantabrian-brown-bear\\\/#breadcrumb\",\"itemListElement\":[{\"@type\":\"ListItem\",\"position\":1,\"name\":\"Portada\",\"item\":\"https:\\\/\\\/wildwatchingspain.com\\\/en\\\/\"},{\"@type\":\"ListItem\",\"position\":2,\"name\":\"Brown bear\"}]},{\"@type\":\"WebSite\",\"@id\":\"https:\\\/\\\/wildwatchingspain.com\\\/en\\\/#website\",\"url\":\"https:\\\/\\\/wildwatchingspain.com\\\/en\\\/\",\"name\":\"Wild Watching Spain \u2013Turismo de Observaci\u00f3n y Fotograf\u00eda\",\"description\":\"Agencia especializada en turismo de observaci\u00f3n de la naturaleza, a trav\u00e9s de actividades y fotograf\u00eda al aire libre. Atr\u00e9vete con una experiencia \u00fanica.\",\"potentialAction\":[{\"@type\":\"SearchAction\",\"target\":{\"@type\":\"EntryPoint\",\"urlTemplate\":\"https:\\\/\\\/wildwatchingspain.com\\\/en\\\/?s={search_term_string}\"},\"query-input\":{\"@type\":\"PropertyValueSpecification\",\"valueRequired\":true,\"valueName\":\"search_term_string\"}}],\"inLanguage\":\"en-US\"}]}<\/script>\n<!-- \/ Yoast SEO plugin. -->","yoast_head_json":{"title":"Brown bear - Wild Watching Spain \u2013Turismo de Observaci\u00f3n y Fotograf\u00eda","robots":{"index":"index","follow":"follow","max-snippet":"max-snippet:-1","max-image-preview":"max-image-preview:large","max-video-preview":"max-video-preview:-1"},"canonical":"https:\/\/wildwatchingspain.com\/en\/cantabrian-brown-bear\/","og_locale":"en_US","og_type":"article","og_title":"Brown bear - Wild Watching Spain \u2013Turismo de Observaci\u00f3n y Fotograf\u00eda","og_url":"https:\/\/wildwatchingspain.com\/en\/cantabrian-brown-bear\/","og_site_name":"Wild Watching Spain \u2013Turismo de Observaci\u00f3n y Fotograf\u00eda","article_modified_time":"2024-01-31T06:51:27+00:00","og_image":[{"width":1652,"height":1110,"url":"https:\/\/wildwatchingspain.com\/wp-content\/uploads\/2020\/10\/oso.jpg","type":"image\/jpeg"}],"twitter_card":"summary_large_image","twitter_misc":{"Est. reading time":"2 minutes"},"schema":{"@context":"https:\/\/schema.org","@graph":[{"@type":"WebPage","@id":"https:\/\/wildwatchingspain.com\/en\/cantabrian-brown-bear\/","url":"https:\/\/wildwatchingspain.com\/en\/cantabrian-brown-bear\/","name":"Brown bear - Wild Watching Spain \u2013Turismo de Observaci\u00f3n y Fotograf\u00eda","isPartOf":{"@id":"https:\/\/wildwatchingspain.com\/en\/#website"},"primaryImageOfPage":{"@id":"https:\/\/wildwatchingspain.com\/en\/cantabrian-brown-bear\/#primaryimage"},"image":{"@id":"https:\/\/wildwatchingspain.com\/en\/cantabrian-brown-bear\/#primaryimage"},"thumbnailUrl":"https:\/\/wildwatchingspain.com\/wp-content\/uploads\/2020\/10\/oso.jpg","datePublished":"2020-03-14T07:32:05+00:00","dateModified":"2024-01-31T06:51:27+00:00","breadcrumb":{"@id":"https:\/\/wildwatchingspain.com\/en\/cantabrian-brown-bear\/#breadcrumb"},"inLanguage":"en-US","potentialAction":[{"@type":"ReadAction","target":["https:\/\/wildwatchingspain.com\/en\/cantabrian-brown-bear\/"]}]},{"@type":"ImageObject","inLanguage":"en-US","@id":"https:\/\/wildwatchingspain.com\/en\/cantabrian-brown-bear\/#primaryimage","url":"https:\/\/wildwatchingspain.com\/wp-content\/uploads\/2020\/10\/oso.jpg","contentUrl":"https:\/\/wildwatchingspain.com\/wp-content\/uploads\/2020\/10\/oso.jpg","width":1652,"height":1110},{"@type":"BreadcrumbList","@id":"https:\/\/wildwatchingspain.com\/en\/cantabrian-brown-bear\/#breadcrumb","itemListElement":[{"@type":"ListItem","position":1,"name":"Portada","item":"https:\/\/wildwatchingspain.com\/en\/"},{"@type":"ListItem","position":2,"name":"Brown bear"}]},{"@type":"WebSite","@id":"https:\/\/wildwatchingspain.com\/en\/#website","url":"https:\/\/wildwatchingspain.com\/en\/","name":"Wild Watching Spain \u2013Turismo de Observaci\u00f3n y Fotograf\u00eda","description":"Agencia especializada en turismo de observaci\u00f3n de la naturaleza, a trav\u00e9s de actividades y fotograf\u00eda al aire libre. Atr\u00e9vete con una experiencia \u00fanica.","potentialAction":[{"@type":"SearchAction","target":{"@type":"EntryPoint","urlTemplate":"https:\/\/wildwatchingspain.com\/en\/?s={search_term_string}"},"query-input":{"@type":"PropertyValueSpecification","valueRequired":true,"valueName":"search_term_string"}}],"inLanguage":"en-US"}]}},"_links":{"self":[{"href":"https:\/\/wildwatchingspain.com\/en\/wp-json\/wp\/v2\/pages\/5409","targetHints":{"allow":["GET"]}}],"collection":[{"href":"https:\/\/wildwatchingspain.com\/en\/wp-json\/wp\/v2\/pages"}],"about":[{"href":"https:\/\/wildwatchingspain.com\/en\/wp-json\/wp\/v2\/types\/page"}],"author":[{"embeddable":true,"href":"https:\/\/wildwatchingspain.com\/en\/wp-json\/wp\/v2\/users\/1"}],"replies":[{"embeddable":true,"href":"https:\/\/wildwatchingspain.com\/en\/wp-json\/wp\/v2\/comments?post=5409"}],"version-history":[{"count":5,"href":"https:\/\/wildwatchingspain.com\/en\/wp-json\/wp\/v2\/pages\/5409\/revisions"}],"predecessor-version":[{"id":14781,"href":"https:\/\/wildwatchingspain.com\/en\/wp-json\/wp\/v2\/pages\/5409\/revisions\/14781"}],"wp:featuredmedia":[{"embeddable":true,"href":"https:\/\/wildwatchingspain.com\/en\/wp-json\/wp\/v2\/media\/7095"}],"wp:attachment":[{"href":"https:\/\/wildwatchingspain.com\/en\/wp-json\/wp\/v2\/media?parent=5409"}],"curies":[{"name":"wp","href":"https:\/\/api.w.org\/{rel}","templated":true}]}}